{"id":6,"date":"2016-04-17T17:53:03","date_gmt":"2016-04-17T15:53:03","guid":{"rendered":"http:\/\/ann-couture.fr\/?page_id=6"},"modified":"2021-02-14T15:16:25","modified_gmt":"2021-02-14T14:16:25","slug":"mes-travaux","status":"publish","type":"page","link":"https:\/\/ann-couture.fr\/index.php\/mes-travaux\/","title":{"rendered":"Mes travaux"},"content":{"rendered":"<h5><em><strong>\u00a0 \u00a0 \u00a0 \u00a0 \u00a0\u00a0<\/strong><\/em><\/h5>\n<h4><em>\u00a0 \u00a0 \u00a0 \u00a0 \u00a0 \u00a0 \u00a0 \u00a0 \u00a0R\u00e9fection lani\u00e8res en cuir pour sac \u00e0 main<\/em><\/h4>\n<p><img loading=\"lazy\" class=\"wp-image-135 aligncenter\" src=\"http:\/\/ann-couture.fr\/wp-content\/uploads\/2018\/02\/FB_IMG_1518270948364.jpg\" alt=\"\" width=\"299\" height=\"543\" \/> <img loading=\"lazy\" class=\"wp-image-136 aligncenter\" src=\"http:\/\/ann-couture.fr\/wp-content\/uploads\/2018\/02\/FB_IMG_1518270956751.jpg\" alt=\"\" width=\"318\" height=\"578\" \/><\/p>\n<p style=\"text-align: center;\"><strong>Pose de protections de genoux sur pantalon en cuir de moto<\/strong><\/p>\n<p style=\"text-align: center;\"><strong><img loading=\"lazy\" class=\"alignnone size-full wp-image-133\" src=\"http:\/\/ann-couture.fr\/wp-content\/uploads\/2016\/04\/20170119_155901-1.jpg\" alt=\"\" width=\"4128\" height=\"2322\" \/><\/strong><\/p>\n<p><span style=\"background-color: transparent;\">\u00a0 \u00a0 \u00a0 \u00a0 \u00a0 \u00a0 \u00a0 \u00a0 \u00a0 \u00a0 \u00a0 \u00a0 \u00a0 \u00a0 \u00a0 \u00a0 \u00a0 \u00a0 \u00a0 \u00a0 \u00a0 \u00a0 \u00a0 \u00a0 \u00a0 \u00a0 \u00a0 \u00a0 \u00a0 \u00a0 \u00a0<\/span><span style=\"font-size: 18px;\"><span style=\"color: #220e10; background-color: transparent;\"><span style=\"font-size: 18px; color: #220e10;\"><b>R\u00e9fection col de veste\u00a0 \u00a0 \u00a0 \u00a0 \u00a0 \u00a0 \u00a0 \u00a0 \u00a0 \u00a0 \u00a0 \u00a0 \u00a0 \u00a0 \u00a0 \u00a0 \u00a0 \u00a0 \u00a0 \u00a0 \u00a0 \u00a0 \u00a0 \u00a0 \u00a0 \u00a0 \u00a0 \u00a0 \u00a0 \u00a0 \u00a0 \u00a0<\/b><\/span><\/span><\/span><\/p>\n<p><span style=\"font-size: 18px;\"><span style=\"color: #220e10; background-color: transparent;\"><span style=\"font-size: 18px; color: #220e10;\"><b>\u00a0 \u00a0 \u00a0 \u00a0 \u00a0 \u00a0 \u00a0 \u00a0 \u00a0 \u00a0 \u00a0 \u00a0 \u00a0 \u00a0 \u00a0 \u00a0 \u00a0 \u00a0 \u00a0 \u00a0 \u00a0 \u00a0 \u00a0 \u00a0 \u00a0 \u00a0 \u00a0 \u00a0 \u00a0 \u00a0 \u00a0<\/b><\/span><span style=\"color: #220e10;\"><span style=\"font-size: 18px;\"><b>imitation<\/b><\/span><\/span><span style=\"font-size: 18px; color: #220e10;\"><b>\u00a0cuir<\/b><\/span><\/span><\/span><img loading=\"lazy\" class=\"wp-image-130 aligncenter\" src=\"http:\/\/ann-couture.fr\/wp-content\/uploads\/2018\/02\/FB_IMG_1518268650082.jpg\" alt=\"\" width=\"320\" height=\"582\" \/><\/p>\n<p style=\"text-align: center;\"><img loading=\"lazy\" class=\"wp-image-129 aligncenter\" src=\"http:\/\/ann-couture.fr\/wp-content\/uploads\/2018\/02\/FB_IMG_1518268643112.jpg\" alt=\"\" width=\"314\" height=\"177\" \/> \u00a0 \u00a0 \u00a0 \u00a0 \u00a0 \u00a0 \u00a0 \u00a0 \u00a0 \u00a0 \u00a0 \u00a0 \u00a0 \u00a0 \u00a0 \u00a0 \u00a0 \u00a0 \u00a0 \u00a0 \u00a0 \u00a0 \u00a0 \u00a0 \u00a0 \u00a0 \u00a0 \u00a0 \u00a0 \u00a0 \u00a0 \u00a0 \u00a0 \u00a0 \u00a0 \u00a0 \u00a0 \u00a0 \u00a0 \u00a0 \u00a0 \u00a0 \u00a0 \u00a0 \u00a0 \u00a0 \u00a0 \u00a0 \u00a0 \u00a0 \u00a0 \u00a0 \u00a0 \u00a0 \u00a0 \u00a0 \u00a0 \u00a0 \u00a0 \u00a0 \u00a0 \u00a0 \u00a0 \u00a0 \u00a0 \u00a0 \u00a0 \u00a0 \u00a0 \u00a0 \u00a0 \u00a0 \u00a0<img loading=\"lazy\" class=\"wp-image-132 aligncenter\" src=\"http:\/\/ann-couture.fr\/wp-content\/uploads\/2018\/02\/FB_IMG_1518268635273.jpg\" alt=\"\" width=\"311\" height=\"175\" \/><\/p>\n<p style=\"text-align: center;\"><strong>Changement de la doublure sur un blouson en cuir<\/strong><\/p>\n<p style=\"text-align: center;\"><img loading=\"lazy\" class=\"alignnone size-medium wp-image-26\" src=\"http:\/\/ann-couture.fr\/wp-content\/uploads\/2016\/04\/2011-09-29-14.42.10-300x225-300x225.jpg\" alt=\"2011-09-29-14.42.10-300x225\" width=\"300\" height=\"225\" \/><img loading=\"lazy\" class=\"alignnone size-medium wp-image-27\" src=\"http:\/\/ann-couture.fr\/wp-content\/uploads\/2016\/04\/2011-09-29-14.42.19-300x225-300x225.jpg\" alt=\"2011-09-29-14.42.19-300x225\" width=\"300\" height=\"225\" \/><\/p>\n<p style=\"text-align: center;\"><img loading=\"lazy\" class=\"alignnone size-medium wp-image-28\" src=\"http:\/\/ann-couture.fr\/wp-content\/uploads\/2016\/04\/2011-09-29-14.42.24-300x225-300x225.jpg\" alt=\"2011-09-29-14.42.24-300x225\" width=\"300\" height=\"225\" \/><img loading=\"lazy\" class=\"alignnone size-medium wp-image-29\" src=\"http:\/\/ann-couture.fr\/wp-content\/uploads\/2016\/04\/2011-09-29-15.26.41-300x225-300x225.jpg\" alt=\"2011-09-29-15.26.41-300x225\" width=\"300\" height=\"225\" \/><\/p>\n<p style=\"text-align: center;\">Retouches sur des robes :<\/p>\n<p style=\"text-align: center;\"><img loading=\"lazy\" class=\"alignnone size-medium wp-image-31\" src=\"http:\/\/ann-couture.fr\/wp-content\/uploads\/2016\/04\/2011-08-18-18.28.26-Copie-225x300-225x300.jpg\" alt=\"2011-08-18-18.28.26-Copie-225x300\" width=\"225\" height=\"300\" \/><img loading=\"lazy\" class=\"alignnone size-medium wp-image-32\" src=\"http:\/\/ann-couture.fr\/wp-content\/uploads\/2016\/04\/2011-08-18-18.31.00-Copie-225x300-225x300.jpg\" alt=\"2011-08-18-18.31.00-Copie-225x300\" width=\"225\" height=\"300\" \/><img loading=\"lazy\" class=\"alignnone size-medium wp-image-35\" src=\"http:\/\/ann-couture.fr\/wp-content\/uploads\/2016\/04\/Photo0392-Copie-225x300-225x300.jpg\" alt=\"Photo0392-Copie-225x300\" width=\"225\" height=\"300\" \/><img loading=\"lazy\" class=\"alignnone size-medium wp-image-33\" src=\"http:\/\/ann-couture.fr\/wp-content\/uploads\/2016\/04\/2011-08-29-18.15.18-225x300-225x300.jpg\" alt=\"2011-08-29-18.15.18-225x300\" width=\"225\" height=\"300\" \/><img loading=\"lazy\" class=\"alignnone size-medium wp-image-34\" src=\"http:\/\/ann-couture.fr\/wp-content\/uploads\/2016\/04\/Photo0327-Copie-225x300-225x300.jpg\" alt=\"Photo0327-Copie-225x300\" width=\"225\" height=\"300\" \/><img loading=\"lazy\" class=\"alignnone size-medium wp-image-39\" src=\"http:\/\/ann-couture.fr\/wp-content\/uploads\/2016\/04\/2012-06-14-13.34.53-225x300.jpg\" alt=\"2012-06-14 13.34.53\" width=\"225\" height=\"300\" srcset=\"https:\/\/ann-couture.fr\/wp-content\/uploads\/2016\/04\/2012-06-14-13.34.53-225x300.jpg 225w, https:\/\/ann-couture.fr\/wp-content\/uploads\/2016\/04\/2012-06-14-13.34.53-768x1024.jpg 768w, https:\/\/ann-couture.fr\/wp-content\/uploads\/2016\/04\/2012-06-14-13.34.53.jpg 1920w\" sizes=\"(max-width: 225px) 100vw, 225px\" \/><img loading=\"lazy\" class=\"alignnone size-medium wp-image-40\" src=\"http:\/\/ann-couture.fr\/wp-content\/uploads\/2016\/04\/20150621_185928-169x300.jpg\" alt=\"20150621_185928\" width=\"169\" height=\"300\" srcset=\"https:\/\/ann-couture.fr\/wp-content\/uploads\/2016\/04\/20150621_185928-169x300.jpg 169w, https:\/\/ann-couture.fr\/wp-content\/uploads\/2016\/04\/20150621_185928-768x1365.jpg 768w, https:\/\/ann-couture.fr\/wp-content\/uploads\/2016\/04\/20150621_185928-576x1024.jpg 576w\" sizes=\"(max-width: 169px) 100vw, 169px\" \/><img loading=\"lazy\" class=\"alignnone size-medium wp-image-42\" src=\"http:\/\/ann-couture.fr\/wp-content\/uploads\/2016\/04\/20150519_110507-169x300.jpg\" alt=\"20150519_110507\" width=\"169\" height=\"300\" srcset=\"https:\/\/ann-couture.fr\/wp-content\/uploads\/2016\/04\/20150519_110507-169x300.jpg 169w, https:\/\/ann-couture.fr\/wp-content\/uploads\/2016\/04\/20150519_110507-768x1365.jpg 768w, https:\/\/ann-couture.fr\/wp-content\/uploads\/2016\/04\/20150519_110507-576x1024.jpg 576w\" sizes=\"(max-width: 169px) 100vw, 169px\" \/><img loading=\"lazy\" class=\"alignnone size-medium wp-image-43\" src=\"http:\/\/ann-couture.fr\/wp-content\/uploads\/2016\/04\/20150830_133641-178x300.jpg\" alt=\"20150830_133641\" width=\"178\" height=\"300\" srcset=\"https:\/\/ann-couture.fr\/wp-content\/uploads\/2016\/04\/20150830_133641-178x300.jpg 178w, https:\/\/ann-couture.fr\/wp-content\/uploads\/2016\/04\/20150830_133641-768x1294.jpg 768w, https:\/\/ann-couture.fr\/wp-content\/uploads\/2016\/04\/20150830_133641-608x1024.jpg 608w\" sizes=\"(max-width: 178px) 100vw, 178px\" \/><\/p>\n<p style=\"text-align: center;\"><strong>R\u00e9paration doudou:<\/strong><\/p>\n<p style=\"text-align: center;\"><img loading=\"lazy\" class=\"alignnone size-medium wp-image-44\" src=\"http:\/\/ann-couture.fr\/wp-content\/uploads\/2016\/04\/2013-01-03-11.00.34-300x225-300x225.jpg\" alt=\"2013-01-03-11.00.34-300x225\" width=\"300\" height=\"225\" \/><img loading=\"lazy\" class=\"alignnone size-medium wp-image-45\" src=\"http:\/\/ann-couture.fr\/wp-content\/uploads\/2016\/04\/2013-01-03-10.32.201-300x225-300x225.jpg\" alt=\"2013-01-03-10.32.201-300x225\" width=\"300\" height=\"225\" \/><img loading=\"lazy\" class=\"alignnone size-medium wp-image-46\" src=\"http:\/\/ann-couture.fr\/wp-content\/uploads\/2016\/04\/2013-01-03-16.33.17-225x300-225x300.jpg\" alt=\"2013-01-03-16.33.17-225x300\" width=\"225\" height=\"300\" \/><\/p>\n<p style=\"text-align: center;\"><strong>Am\u00e9lioration d&rsquo;un autre doudou &amp; r\u00e9paration :<\/strong><\/p>\n<p style=\"text-align: center;\"><img loading=\"lazy\" class=\"alignnone size-medium wp-image-47\" src=\"http:\/\/ann-couture.fr\/wp-content\/uploads\/2016\/04\/IMG_2416-200x300-200x300.jpg\" alt=\"IMG_2416-200x300\" width=\"200\" height=\"300\" \/><img loading=\"lazy\" class=\"alignnone size-medium wp-image-48\" src=\"http:\/\/ann-couture.fr\/wp-content\/uploads\/2016\/04\/IMG_2419-200x300-200x300.jpg\" alt=\"IMG_2419-200x300\" width=\"200\" height=\"300\" \/><img loading=\"lazy\" class=\"alignnone size-medium wp-image-49\" src=\"http:\/\/ann-couture.fr\/wp-content\/uploads\/2016\/04\/IMG_2423-200x300-200x300.jpg\" alt=\"IMG_2423-200x300\" width=\"200\" height=\"300\" \/><img loading=\"lazy\" class=\"alignnone size-medium wp-image-50\" src=\"http:\/\/ann-couture.fr\/wp-content\/uploads\/2016\/04\/IMG_2424-300x200-300x200.jpg\" alt=\"IMG_2424-300x200\" width=\"300\" height=\"200\" \/><\/p>\n<p style=\"text-align: center;\"><strong>Tissu sur landau :<\/strong><\/p>\n<p style=\"text-align: center;\"><img loading=\"lazy\" class=\"alignnone size-medium wp-image-55\" src=\"http:\/\/ann-couture.fr\/wp-content\/uploads\/2016\/04\/IMG_2180-Copie-300x207-300x207.jpg\" alt=\"IMG_2180-Copie-300x207\" width=\"300\" height=\"207\" \/><img loading=\"lazy\" class=\"alignnone size-medium wp-image-53\" src=\"http:\/\/ann-couture.fr\/wp-content\/uploads\/2016\/04\/DSCN2185-300x225-300x225.jpg\" alt=\"DSCN2185-300x225\" width=\"300\" height=\"225\" \/><img loading=\"lazy\" class=\"alignnone size-medium wp-image-54\" src=\"http:\/\/ann-couture.fr\/wp-content\/uploads\/2016\/04\/IMG_0529-300x225-300x225.jpg\" alt=\"IMG_0529-300x225\" width=\"300\" height=\"225\" \/><\/p>\n<p style=\"text-align: center;\"><strong>R\u00e9fection doudou :<\/strong><\/p>\n<p style=\"text-align: center;\"><img loading=\"lazy\" class=\"alignnone size-medium wp-image-60\" src=\"http:\/\/ann-couture.fr\/wp-content\/uploads\/2016\/04\/13059423_1285447114865728_1576917697_n-300x169.jpg\" alt=\"13059423_1285447114865728_1576917697_n\" width=\"300\" height=\"169\" srcset=\"https:\/\/ann-couture.fr\/wp-content\/uploads\/2016\/04\/13059423_1285447114865728_1576917697_n-300x169.jpg 300w, https:\/\/ann-couture.fr\/wp-content\/uploads\/2016\/04\/13059423_1285447114865728_1576917697_n-768x432.jpg 768w, https:\/\/ann-couture.fr\/wp-content\/uploads\/2016\/04\/13059423_1285447114865728_1576917697_n.jpg 960w\" sizes=\"(max-width: 300px) 100vw, 300px\" \/><img loading=\"lazy\" class=\"alignnone size-medium wp-image-61\" src=\"http:\/\/ann-couture.fr\/wp-content\/uploads\/2016\/04\/13046274_1285446231532483_108869374_n-300x169.jpg\" alt=\"13046274_1285446231532483_108869374_n\" width=\"300\" height=\"169\" srcset=\"https:\/\/ann-couture.fr\/wp-content\/uploads\/2016\/04\/13046274_1285446231532483_108869374_n-300x169.jpg 300w, https:\/\/ann-couture.fr\/wp-content\/uploads\/2016\/04\/13046274_1285446231532483_108869374_n-768x432.jpg 768w, https:\/\/ann-couture.fr\/wp-content\/uploads\/2016\/04\/13046274_1285446231532483_108869374_n.jpg 960w\" sizes=\"(max-width: 300px) 100vw, 300px\" \/><\/p>\n<hr \/>\n<p style=\"text-align: center;\"><strong>Remplacement d&rsquo;un biais imitation cuir sur tailleur femme :<\/strong><\/p>\n<p style=\"text-align: center;\"><strong>avant<\/strong><img loading=\"lazy\" class=\"alignnone size-medium wp-image-62\" src=\"http:\/\/ann-couture.fr\/wp-content\/uploads\/2016\/04\/13022190_1285448228198950_173536603_n-169x300.jpg\" alt=\"13022190_1285448228198950_173536603_n\" width=\"169\" height=\"300\" srcset=\"https:\/\/ann-couture.fr\/wp-content\/uploads\/2016\/04\/13022190_1285448228198950_173536603_n-169x300.jpg 169w, https:\/\/ann-couture.fr\/wp-content\/uploads\/2016\/04\/13022190_1285448228198950_173536603_n.jpg 540w\" sizes=\"(max-width: 169px) 100vw, 169px\" \/><img loading=\"lazy\" class=\"alignnone size-medium wp-image-63\" src=\"http:\/\/ann-couture.fr\/wp-content\/uploads\/2016\/04\/13023628_1285448244865615_1006526165_n-169x300.jpg\" alt=\"13023628_1285448244865615_1006526165_n\" width=\"169\" height=\"300\" srcset=\"https:\/\/ann-couture.fr\/wp-content\/uploads\/2016\/04\/13023628_1285448244865615_1006526165_n-169x300.jpg 169w, https:\/\/ann-couture.fr\/wp-content\/uploads\/2016\/04\/13023628_1285448244865615_1006526165_n.jpg 540w\" sizes=\"(max-width: 169px) 100vw, 169px\" \/><\/p>\n<p style=\"text-align: center;\"><strong>apr\u00e8s<\/strong><img loading=\"lazy\" class=\"alignnone size-medium wp-image-64\" src=\"http:\/\/ann-couture.fr\/wp-content\/uploads\/2016\/04\/13014810_1285448274865612_1657777371_n-169x300.jpg\" alt=\"13014810_1285448274865612_1657777371_n\" width=\"169\" height=\"300\" srcset=\"https:\/\/ann-couture.fr\/wp-content\/uploads\/2016\/04\/13014810_1285448274865612_1657777371_n-169x300.jpg 169w, https:\/\/ann-couture.fr\/wp-content\/uploads\/2016\/04\/13014810_1285448274865612_1657777371_n.jpg 540w\" sizes=\"(max-width: 169px) 100vw, 169px\" \/><img loading=\"lazy\" class=\"alignnone size-medium wp-image-65\" src=\"http:\/\/ann-couture.fr\/wp-content\/uploads\/2016\/04\/13020084_1285447948198978_1492427067_n-169x300.jpg\" alt=\"13020084_1285447948198978_1492427067_n\" width=\"169\" height=\"300\" srcset=\"https:\/\/ann-couture.fr\/wp-content\/uploads\/2016\/04\/13020084_1285447948198978_1492427067_n-169x300.jpg 169w, https:\/\/ann-couture.fr\/wp-content\/uploads\/2016\/04\/13020084_1285447948198978_1492427067_n.jpg 540w\" sizes=\"(max-width: 169px) 100vw, 169px\" \/><\/p>\n","protected":false},"excerpt":{"rendered":"<p>\u00a0 \u00a0 \u00a0 \u00a0 \u00a0\u00a0 \u00a0 \u00a0 \u00a0 \u00a0 \u00a0 \u00a0 \u00a0 \u00a0 \u00a0R\u00e9fection lani\u00e8res en cuir pour sac \u00e0 main Pose de protections de genoux sur pantalon en cuir de moto \u00a0 \u00a0 \u00a0 \u00a0 \u00a0 \u00a0 \u00a0 \u00a0 \u00a0 \u00a0 \u00a0 \u00a0 \u00a0 \u00a0 \u00a0 \u00a0 \u00a0 \u00a0 \u00a0 \u00a0 \u00a0 \u00a0 \u00a0 &hellip; <a href=\"https:\/\/ann-couture.fr\/index.php\/mes-travaux\/\" class=\"more-link\">Continuer la lecture<span class=\"screen-reader-text\"> de <span class=\"screen-reader-text\">Mes travaux<\/span><\/span>&nbsp;<span class=\"meta-nav\">&rarr;<\/span><\/a><\/p>\n","protected":false},"author":1,"featured_media":0,"parent":0,"menu_order":0,"comment_status":"closed","ping_status":"closed","template":"","meta":[],"_links":{"self":[{"href":"https:\/\/ann-couture.fr\/index.php\/wp-json\/wp\/v2\/pages\/6"}],"collection":[{"href":"https:\/\/ann-couture.fr\/index.php\/wp-json\/wp\/v2\/pages"}],"about":[{"href":"https:\/\/ann-couture.fr\/index.php\/wp-json\/wp\/v2\/types\/page"}],"author":[{"embeddable":true,"href":"https:\/\/ann-couture.fr\/index.php\/wp-json\/wp\/v2\/users\/1"}],"replies":[{"embeddable":true,"href":"https:\/\/ann-couture.fr\/index.php\/wp-json\/wp\/v2\/comments?post=6"}],"version-history":[{"count":16,"href":"https:\/\/ann-couture.fr\/index.php\/wp-json\/wp\/v2\/pages\/6\/revisions"}],"predecessor-version":[{"id":322,"href":"https:\/\/ann-couture.fr\/index.php\/wp-json\/wp\/v2\/pages\/6\/revisions\/322"}],"wp:attachment":[{"href":"https:\/\/ann-couture.fr\/index.php\/wp-json\/wp\/v2\/media?parent=6"}],"curies":[{"name":"wp","href":"https:\/\/api.w.org\/{rel}","templated":true}]}}