{"id":4,"date":"2016-04-17T17:52:27","date_gmt":"2016-04-17T15:52:27","guid":{"rendered":"http:\/\/ann-couture.fr\/?page_id=4"},"modified":"2026-02-21T08:52:47","modified_gmt":"2026-02-21T07:52:47","slug":"horaires-coordonnees","status":"publish","type":"page","link":"https:\/\/ann-couture.fr\/index.php\/horaires-coordonnees\/","title":{"rendered":"Horaires &#038; coordonn\u00e9es"},"content":{"rendered":"<p style=\"text-align: center;\">Je peux r\u00e9aliser vos travaux de couture, retouches, r\u00e9paration sur cuir,<\/p>\n<p style=\"text-align: center;\">pose de boutons pression, fermeture \u00e9clair, etc&#8230;<\/p>\n<p style=\"text-align: center;\">(Par manque de temps je ne peux plus r\u00e9aliser de sur mesure)<\/p>\n<p style=\"text-align: center;\">aux horaires suivants:<\/p>\n<p style=\"text-align: center;\">Lundi de 14h00 \u00e0 17h45<\/p>\n<p style=\"text-align: center;\">Mardi de 9h00 \u00e0 12h00 et de 14h00 \u00e0 18h00<\/p>\n<p style=\"text-align: center;\">Mercredi de 9h00 \u00e0 12h00<\/p>\n<p style=\"text-align: center;\">Jeudi, Vendredi de 10h \u00e0 12h00 et de 14h00 \u00e0 18h00<\/p>\n<p style=\"text-align: center;\">Vous pouvez d\u00e9poser vos articles au<\/p>\n<p style=\"text-align: center;\">141, rue nationale<\/p>\n<p style=\"text-align: center;\">45140 ORMES<\/p>\n<p style=\"text-align: center;\">0614752766<\/p>\n<p style=\"text-align: center;\">ann.couture45140@gmail.com<\/p>\n<p style=\"text-align: center;\">A bient\u00f4t<\/p>\n<p style=\"text-align: center;\">Anne<\/p>\n","protected":false},"excerpt":{"rendered":"<p>Je peux r\u00e9aliser vos travaux de couture, retouches, r\u00e9paration sur cuir, pose de boutons pression, fermeture \u00e9clair, etc&#8230; (Par manque de temps je ne peux plus r\u00e9aliser de sur mesure) aux horaires suivants: Lundi de 14h00 \u00e0 17h45 Mardi de 9h00 \u00e0 12h00 et de 14h00 \u00e0 18h00 Mercredi de 9h00 \u00e0 12h00 Jeudi, Vendredi &hellip; <a href=\"https:\/\/ann-couture.fr\/index.php\/horaires-coordonnees\/\" class=\"more-link\">Continuer la lecture<span class=\"screen-reader-text\"> de <span class=\"screen-reader-text\">Horaires &#038; coordonn\u00e9es<\/span><\/span>&nbsp;<span class=\"meta-nav\">&rarr;<\/span><\/a><\/p>\n","protected":false},"author":1,"featured_media":0,"parent":0,"menu_order":0,"comment_status":"closed","ping_status":"closed","template":"","meta":[],"_links":{"self":[{"href":"https:\/\/ann-couture.fr\/index.php\/wp-json\/wp\/v2\/pages\/4"}],"collection":[{"href":"https:\/\/ann-couture.fr\/index.php\/wp-json\/wp\/v2\/pages"}],"about":[{"href":"https:\/\/ann-couture.fr\/index.php\/wp-json\/wp\/v2\/types\/page"}],"author":[{"embeddable":true,"href":"https:\/\/ann-couture.fr\/index.php\/wp-json\/wp\/v2\/users\/1"}],"replies":[{"embeddable":true,"href":"https:\/\/ann-couture.fr\/index.php\/wp-json\/wp\/v2\/comments?post=4"}],"version-history":[{"count":8,"href":"https:\/\/ann-couture.fr\/index.php\/wp-json\/wp\/v2\/pages\/4\/revisions"}],"predecessor-version":[{"id":516,"href":"https:\/\/ann-couture.fr\/index.php\/wp-json\/wp\/v2\/pages\/4\/revisions\/516"}],"wp:attachment":[{"href":"https:\/\/ann-couture.fr\/index.php\/wp-json\/wp\/v2\/media?parent=4"}],"curies":[{"name":"wp","href":"https:\/\/api.w.org\/{rel}","templated":true}]}}