{"id":13,"date":"2016-04-17T17:58:17","date_gmt":"2016-04-17T15:58:17","guid":{"rendered":"http:\/\/ann-couture.fr\/?page_id=13"},"modified":"2023-08-04T15:06:57","modified_gmt":"2023-08-04T13:06:57","slug":"plan","status":"publish","type":"page","link":"https:\/\/ann-couture.fr\/index.php\/plan\/","title":{"rendered":"Plan"},"content":{"rendered":"<p style=\"text-align: center;\">Gr\u00e2ce \u00e0 ce petit lien, vous allez pouvoir vous orienter jusqu&rsquo;au 141 rue nationale \u00e0 Ormes .<\/p>\n<p style=\"text-align: center;\"><a href=\"http:\/\/www.annuaire-mairie.fr\/plan-ville-ormes-45.html\">http:\/\/www.annuaire-mairie.fr\/plan-ville-ormes-45.html<\/a><\/p>\n<p><img loading=\"lazy\" class=\" wp-image-14 aligncenter\" src=\"http:\/\/ann-couture.fr\/wp-content\/uploads\/2016\/04\/plan-300x275.png\" alt=\"plan\" width=\"498\" height=\"456\" srcset=\"https:\/\/ann-couture.fr\/wp-content\/uploads\/2016\/04\/plan-300x275.png 300w, https:\/\/ann-couture.fr\/wp-content\/uploads\/2016\/04\/plan.png 734w\" sizes=\"(max-width: 498px) 100vw, 498px\" \/><\/p>\n","protected":false},"excerpt":{"rendered":"<p>Gr\u00e2ce \u00e0 ce petit lien, vous allez pouvoir vous orienter jusqu&rsquo;au 141 rue nationale \u00e0 Ormes . http:\/\/www.annuaire-mairie.fr\/plan-ville-ormes-45.html<\/p>\n","protected":false},"author":1,"featured_media":0,"parent":0,"menu_order":0,"comment_status":"closed","ping_status":"closed","template":"","meta":[],"_links":{"self":[{"href":"https:\/\/ann-couture.fr\/index.php\/wp-json\/wp\/v2\/pages\/13"}],"collection":[{"href":"https:\/\/ann-couture.fr\/index.php\/wp-json\/wp\/v2\/pages"}],"about":[{"href":"https:\/\/ann-couture.fr\/index.php\/wp-json\/wp\/v2\/types\/page"}],"author":[{"embeddable":true,"href":"https:\/\/ann-couture.fr\/index.php\/wp-json\/wp\/v2\/users\/1"}],"replies":[{"embeddable":true,"href":"https:\/\/ann-couture.fr\/index.php\/wp-json\/wp\/v2\/comments?post=13"}],"version-history":[{"count":4,"href":"https:\/\/ann-couture.fr\/index.php\/wp-json\/wp\/v2\/pages\/13\/revisions"}],"predecessor-version":[{"id":408,"href":"https:\/\/ann-couture.fr\/index.php\/wp-json\/wp\/v2\/pages\/13\/revisions\/408"}],"wp:attachment":[{"href":"https:\/\/ann-couture.fr\/index.php\/wp-json\/wp\/v2\/media?parent=13"}],"curies":[{"name":"wp","href":"https:\/\/api.w.org\/{rel}","templated":true}]}}